{"id":3367,"date":"2023-05-22T13:27:18","date_gmt":"2023-05-22T13:27:18","guid":{"rendered":"https:\/\/www.oritech.in\/?page_id=3367"},"modified":"2025-02-05T14:38:48","modified_gmt":"2025-02-05T09:08:48","slug":"oritech-hybrid-igbt-inverter-technology","status":"publish","type":"page","link":"https:\/\/www.oritech.in\/es\/oritech-hybrid-igbt-inverter-technology\/","title":{"rendered":"Tecnolog\u00eda IGBT de Oritech"},"content":{"rendered":"\t\t<div data-elementor-type=\"wp-page\" data-elementor-id=\"3367\" class=\"elementor elementor-3367\" data-elementor-post-type=\"page\">\n\t\t\t\t\t\t<section class=\"wd-negative-gap elementor-section elementor-top-section elementor-element elementor-element-37c9067 elementor-section-boxed elementor-section-height-default elementor-section-height-default wd-section-disabled elementor-invisible\" data-id=\"37c9067\" data-element_type=\"section\" data-settings=\"{&quot;sticky&quot;:&quot;top&quot;,&quot;sticky_on&quot;:[&quot;mobile&quot;],&quot;animation&quot;:&quot;fadeIn&quot;,&quot;sticky_offset&quot;:0,&quot;sticky_effects_offset&quot;:0}\">\n\t\t\t\t\t\t<div class=\"elementor-container elementor-column-gap-default\">\n\t\t\t\t\t<div class=\"elementor-column elementor-col-50 elementor-top-column elementor-element elementor-element-ae1c29f\" data-id=\"ae1c29f\" data-element_type=\"column\">\n\t\t\t<div class=\"elementor-widget-wrap\">\n\t\t\t\t\t\t\t<\/div>\n\t\t<\/div>\n\t\t\t\t<div class=\"elementor-column elementor-col-50 elementor-top-column elementor-element elementor-element-c0a013e\" data-id=\"c0a013e\" data-element_type=\"column\">\n\t\t\t<div class=\"elementor-widget-wrap elementor-element-populated\">\n\t\t\t\t\t\t<div class=\"elementor-element elementor-element-1ad537e elementor-hidden-desktop elementor-hidden-tablet elementor-widget elementor-widget-wd_button\" data-id=\"1ad537e\" data-element_type=\"widget\" data-settings=\"{&quot;sticky&quot;:&quot;top&quot;,&quot;sticky_on&quot;:[&quot;mobile&quot;],&quot;sticky_offset&quot;:20,&quot;sticky_offset_mobile&quot;:60,&quot;sticky_effects_offset_mobile&quot;:10,&quot;_animation_mobile&quot;:&quot;fadeInRight&quot;,&quot;sticky_effects_offset&quot;:0}\" data-widget_type=\"wd_button.default\">\n\t\t\t\t<div class=\"elementor-widget-container\">\n\t\t\t\t\t<div class=\"wd-button-wrapper text-right\" >\n\t\t\t<a class=\"btn btn-style-default btn-style-rectangle btn-size-default btn-color-primary btn-icon-pos-right\"  href=\"#request-quote\">\n\t\t\t\t<span class=\"wd-btn-text\" data-elementor-setting-key=\"text\">\n\t\t\t\t\tSolicitar una cotizaci\u00f3n\t\t\t\t<\/span>\n\n\t\t\t\t\t\t\t<\/a>\n\t\t<\/div>\n\t\t\t\t<\/div>\n\t\t\t\t<\/div>\n\t\t\t\t\t<\/div>\n\t\t<\/div>\n\t\t\t\t\t<\/div>\n\t\t<\/section>\n\t\t\t\t<section class=\"wd-negative-gap elementor-section elementor-top-section elementor-element elementor-element-4401c77 elementor-section-boxed elementor-section-height-default elementor-section-height-default wd-section-disabled\" data-id=\"4401c77\" data-element_type=\"section\">\n\t\t\t\t\t\t<div class=\"elementor-container elementor-column-gap-default\">\n\t\t\t\t\t<div class=\"elementor-column elementor-col-66 elementor-top-column elementor-element elementor-element-d136466\" data-id=\"d136466\" data-element_type=\"column\">\n\t\t\t<div class=\"elementor-widget-wrap elementor-element-populated\">\n\t\t\t\t\t\t<div class=\"elementor-element elementor-element-ce494bc elementor-arrows-position-inside elementor-widget elementor-widget-image-carousel\" data-id=\"ce494bc\" data-element_type=\"widget\" data-settings=\"{&quot;slides_to_show&quot;:&quot;1&quot;,&quot;navigation&quot;:&quot;arrows&quot;,&quot;pause_on_hover&quot;:&quot;no&quot;,&quot;autoplay_speed&quot;:3000,&quot;autoplay&quot;:&quot;yes&quot;,&quot;pause_on_interaction&quot;:&quot;yes&quot;,&quot;infinite&quot;:&quot;yes&quot;,&quot;effect&quot;:&quot;slide&quot;,&quot;speed&quot;:500}\" data-widget_type=\"image-carousel.default\">\n\t\t\t\t<div class=\"elementor-widget-container\">\n\t\t\t\t\t<div class=\"elementor-image-carousel-wrapper swiper\" dir=\"ltr\">\n\t\t\t<div class=\"elementor-image-carousel swiper-wrapper\" aria-live=\"off\">\n\t\t\t\t\t\t\t\t<div class=\"swiper-slide\" role=\"group\" aria-roledescription=\"slide\" aria-label=\"1 of 1\"><figure class=\"swiper-slide-inner\"><img decoding=\"async\" class=\"swiper-slide-image\" src=\"https:\/\/www.oritech.in\/es\/wp-content\/uploads\/2025\/02\/04-1000x350-melting-furnace-mfps-4-5mw-24p-inside-2_-768x269.jpg\" alt=\"Guaranteed 7.5% energy saving with our most advanced &amp; super energy efficient IGBT based inverter technology.\" title=\"\"><\/figure><\/div>\t\t\t<\/div>\n\t\t\t\t\t<\/div>\n\t\t\t\t<\/div>\n\t\t\t\t<\/div>\n\t\t\t\t<div class=\"elementor-element elementor-element-caa1421 elementor-widget elementor-widget-wd_text_block\" data-id=\"caa1421\" data-element_type=\"widget\" data-widget_type=\"wd_text_block.default\">\n\t\t\t\t<div class=\"elementor-widget-container\">\n\t\t\t\t\t\t<link rel=\"stylesheet\" id=\"wd-text-block-css\" href=\"https:\/\/www.oritech.in\/es\/wp-content\/themes\/oritech\/css\/parts\/el-text-block.min.css?ver=7.2.5\" type=\"text\/css\" media=\"all\" \/> \t\t\t\t\t<div class=\"wd-text-block reset-last-child text-left\">\n\t\t\t\n\t\t\tEn Oritech, nos enorgullecemos de estar a la vanguardia de los avances tecnol\u00f3gicos en la industria. Nuestro compromiso con la excelencia se ejemplifica mediante nuestra utilizaci\u00f3n de la tecnolog\u00eda IGBT (Transistor Bipolar de Puerta Aislada) en nuestros productos. Como innovadores l\u00edderes en el campo, creemos que la tecnolog\u00eda IGBT nos diferencia de la competencia y nos permite ofrecer las mejores soluciones a nuestros valiosos clientes.\n\t\t\t\t\t<\/div>\n\t\t\t\t<\/div>\n\t\t\t\t<\/div>\n\t\t\t\t<div class=\"elementor-element elementor-element-75e37a2 elementor-widget elementor-widget-wd_title\" data-id=\"75e37a2\" data-element_type=\"widget\" data-widget_type=\"wd_title.default\">\n\t\t\t\t<div class=\"elementor-widget-container\">\n\t\t\t\t\t\t<link rel=\"stylesheet\" id=\"wd-section-title-css\" href=\"https:\/\/www.oritech.in\/es\/wp-content\/themes\/oritech\/css\/parts\/el-section-title.min.css?ver=7.2.5\" type=\"text\/css\" media=\"all\" \/> \t\t\t\t\t<div class=\"title-wrapper set-mb-s reset-last-child wd-title-color-default wd-title-style-default wd-title-size-default text-left\">\n\n\t\t\t\n\t\t\t<div class=\"liner-continer\">\n\t\t\t\t<h1 class=\"woodmart-title-container title wd-fontsize-l\">Tecnolog\u00eda de Inversor H\u00edbrido IGBT de Oritech.<\/h1> \n\t\t\t\t\t\t\t<\/div>\n\n\t\t\t\t\t<\/div>\n\t\t\t\t<\/div>\n\t\t\t\t<\/div>\n\t\t\t\t<div class=\"elementor-element elementor-element-e1f8864 igbt-h2 elementor-widget elementor-widget-wd_text_block\" data-id=\"e1f8864\" data-element_type=\"widget\" data-widget_type=\"wd_text_block.default\">\n\t\t\t\t<div class=\"elementor-widget-container\">\n\t\t\t\t\t<div class=\"wd-text-block reset-last-child text-left\">\n\t\t\t\n\t\t\t<p>Oritech sigue un enfoque de 3 pasos para lograr un ahorro garantizado del 7.5% en energ\u00eda:<\/p><ol><li>Tecnolog\u00eda<\/li><li>Dise\u00f1o<\/li><li>Calidad de construcci\u00f3n<\/li><\/ol><ol><li><strong>Tecnolog\u00eda: Logrando un ahorro del 4% al 5% en energ\u00eda<\/strong><\/li><\/ol><ul><li>Tecnolog\u00eda de inversor basada en IGBT, desarrollada de forma ind\u00edgena, m\u00e1s avanzada y super eficiente.<\/li><li>Dise\u00f1o de circuito paralelo de tanque de voltaje de inversor h\u00edbrido.<\/li><li><h2>\u00bfQu\u00e9 es la tecnolog\u00eda IGBT?<\/h2><ul><li>El Transistor Bipolar de Puerta Aislada (IGBT) es un dispositivo semiconductores de potencia de vanguardia que combina las mejores caracter\u00edsticas de los transistores de uni\u00f3n bipolar (BJTs) y los transistores de efecto de campo de \u00f3xido met\u00e1lico (MOSFETs). Ampliamente aceptados en el \u00e1mbito de la electr\u00f3nica de potencia, los IGBTs destacan en aplicaciones que exigen robustas capacidades de voltaje y corriente, como controladores de motores, sistemas de energ\u00eda renovable, veh\u00edculos el\u00e9ctricos y equipos industriales.<\/li><\/ul><\/li><li><h2>Beneficios del dise\u00f1o h\u00edbrido de inversores IGBT de Oritech<\/h2><ul><li>Potencia controlada mediante el cambio de frecuencia.<\/li><li>Factor de potencia superior a 0.96 para 6 pulsos, 0.97 para 12 pulsos y 0.97 para 24 pulsos en cualquier carga. No se requiere circuito chopper.<\/li><li>La potencia de salida permanece constante frente a fluctuaciones de voltaje de l\u00ednea.<\/li><li>Solo la corriente activa pasa a trav\u00e9s del dispositivo de potencia.<\/li><li>La tensi\u00f3n en el IGBT es la misma que la del bus de CC, por lo que no hay tensi\u00f3n de voltaje en el IGBT.<\/li><li>La tensi\u00f3n de corriente y voltaje en los dispositivos de potencia es baja.<\/li><li>Dise\u00f1o a prueba de cortocircuitos de salida. Se puede apagar a trav\u00e9s de un inversor en menos de 10 \u00b5s desde la detecci\u00f3n de fallas y funciona de manera robusta en cualquier condici\u00f3n de carga.<\/li><\/ul><\/li><\/ul><ol start=\"2\"><li><strong>Dise\u00f1o:<\/strong>Logrando un ahorro del 1.5% al 2.5% en energ\u00eda<\/li><\/ol><ul><li style=\"list-style-type: none;\"><ul><li>La p\u00e9rdida de energ\u00eda el\u00e9ctrica ocurre en circuitos y componentes controlados por un inversor h\u00edbrido - Dise\u00f1o de circuito paralelo de tanque alimentado por voltaje<\/li><li>Las p\u00e9rdidas causadas por el cable de alimentaci\u00f3n suministrado desde una fuente de alimentaci\u00f3n de frecuencia variable a una carga son, generalmente, entre 2% y 7%.<\/li><li>El camino del circuito de tanque se reduce a menos de 1.5 m en total<\/li><li>Se ha probado con \u00e9xito y suministrado un banco de capacitores acoplado a un crisol de hasta 5 mt imf, lo que ahorra aproximadamente 2.5% unidad\/tonelada m\u00e1s<\/li><li>Estamos realizando pruebas para la implementaci\u00f3n de la misma tecnolog\u00eda para hasta 15 mts. imf. Despu\u00e9s de una prueba exitosa, se ahorrar\u00e1 aproximadamente 2.5% de energ\u00eda m\u00e1s<\/li><\/ul><\/li><\/ul><ol start=\"3\"><li><b>Calidad de construcci\u00f3n:<\/b> Logrando ahorros de energ\u00eda del 0.5% al 1.5%.<ol><li>Hoja de laminaci\u00f3n CRGO de alta calidad y tama\u00f1o delgado para minimizar la energ\u00eda y la p\u00e9rdida de calor.<\/li><li>Debido a la disposici\u00f3n especial del banco de capacitores del tanque, no se requieren conductores enfriados por agua hasta 350kW de potencia para minimizar las p\u00e9rdidas de transmisi\u00f3n de energ\u00eda y calor<\/li><li>Barreras de bus de cobre delgadas, bien investigadas y dise\u00f1adas, que ayudan a reducir las p\u00e9rdidas de transmisi\u00f3n de energ\u00eda y calor.<\/li><li>Cable de fibra \u00f3ptica de M\/s Lapp, una empresa alemana de renombre, para mayor velocidad y precisi\u00f3n en la comunicaci\u00f3n<\/li><li>Contactor de plata en el interruptor de transferencia.<\/li><li>Estructura de marco de acero de alta resistencia para una mayor durabilidad<\/li><\/ol><\/li><\/ol>\n\t\t\t\t\t<\/div>\n\t\t\t\t<\/div>\n\t\t\t\t<\/div>\n\t\t\t\t\t<\/div>\n\t\t<\/div>\n\t\t\t\t<div class=\"elementor-column elementor-col-33 elementor-top-column elementor-element elementor-element-ee97fd2\" data-id=\"ee97fd2\" data-element_type=\"column\">\n\t\t\t<div class=\"elementor-widget-wrap elementor-element-populated\">\n\t\t\t\t\t\t<div class=\"elementor-element elementor-element-d705979 elementor-widget elementor-widget-menu-anchor\" data-id=\"d705979\" data-element_type=\"widget\" data-widget_type=\"menu-anchor.default\">\n\t\t\t\t<div class=\"elementor-widget-container\">\n\t\t\t\t\t<div class=\"elementor-menu-anchor\" id=\"request-quote\"><\/div>\n\t\t\t\t<\/div>\n\t\t\t\t<\/div>\n\t\t\t\t<div class=\"elementor-element elementor-element-7bc5eef elementor-hidden-desktop elementor-hidden-tablet elementor-widget elementor-widget-spacer\" data-id=\"7bc5eef\" data-element_type=\"widget\" data-widget_type=\"spacer.default\">\n\t\t\t\t<div class=\"elementor-widget-container\">\n\t\t\t\t\t<div class=\"elementor-spacer\">\n\t\t\t<div class=\"elementor-spacer-inner\"><\/div>\n\t\t<\/div>\n\t\t\t\t<\/div>\n\t\t\t\t<\/div>\n\t\t\t\t\t<link rel=\"stylesheet\" id=\"wd-animations-css\" href=\"https:\/\/www.oritech.in\/es\/wp-content\/themes\/oritech\/css\/parts\/mod-animations.min.css?ver=7.2.5\" type=\"text\/css\" media=\"all\" \/> \t\t\t\t\t<section class=\"wd-negative-gap elementor-section elementor-inner-section elementor-element elementor-element-f0d0ba3 wd-animation-slide-from-bottom elementor-section-boxed elementor-section-height-default elementor-section-height-default wd-section-disabled wd-animation-normal wd_delay_100 elementor-invisible\" data-id=\"f0d0ba3\" data-element_type=\"section\" data-settings=\"{&quot;sticky&quot;:&quot;top&quot;,&quot;sticky_on&quot;:[&quot;desktop&quot;,&quot;tablet&quot;],&quot;sticky_parent&quot;:&quot;yes&quot;,&quot;animation&quot;:&quot;fadeIn&quot;,&quot;sticky_offset&quot;:100,&quot;sticky_effects_offset&quot;:0}\">\n\t\t\t\t\t\t<div class=\"elementor-container elementor-column-gap-default\">\n\t\t\t\t\t<div class=\"elementor-column elementor-col-100 elementor-inner-column elementor-element elementor-element-e034123\" data-id=\"e034123\" data-element_type=\"column\">\n\t\t\t<div class=\"elementor-widget-wrap elementor-element-populated\">\n\t\t\t\t\t\t<div class=\"elementor-element elementor-element-954b730 quotefont elementor-widget elementor-widget-wp-widget-forminator_widget\" data-id=\"954b730\" data-element_type=\"widget\" data-widget_type=\"wp-widget-forminator_widget.default\">\n\t\t\t\t<div class=\"elementor-widget-container\">\n\t\t\t<h5>Solicitar una cotizaci\u00f3n<\/h5><form id=\"forminator-module-1776\" class=\"forminator-custom-form forminator-custom-form-1776\" method=\"post\" data-forminator-render=\"0\" data-uid=\"69f2b8441d770\"><div role=\"alert\" aria-live=\"polite\" class=\"forminator-response-message forminator-error\" aria-hidden=\"true\"><\/div><\/form>\t\t<\/div>\n\t\t\t\t<\/div>\n\t\t\t\t\t<\/div>\n\t\t<\/div>\n\t\t\t\t\t<\/div>\n\t\t<\/section>\n\t\t\t\t\t<\/div>\n\t\t<\/div>\n\t\t\t\t\t<\/div>\n\t\t<\/section>\n\t\t\t\t<\/div>\n\t\t","protected":false},"excerpt":{"rendered":"<p>Solicitar una cotizaci\u00f3n En Oritech, nos enorgullecemos de estar a la vanguardia de los avances tecnol\u00f3gicos en la industria. Nuestro<\/p>\n","protected":false},"author":1,"featured_media":0,"parent":0,"menu_order":0,"comment_status":"closed","ping_status":"closed","template":"","meta":{"footnotes":""},"class_list":["post-3367","page","type-page","status-publish","hentry"],"_links":{"self":[{"href":"https:\/\/www.oritech.in\/es\/wp-json\/wp\/v2\/pages\/3367"}],"collection":[{"href":"https:\/\/www.oritech.in\/es\/wp-json\/wp\/v2\/pages"}],"about":[{"href":"https:\/\/www.oritech.in\/es\/wp-json\/wp\/v2\/types\/page"}],"author":[{"embeddable":true,"href":"https:\/\/www.oritech.in\/es\/wp-json\/wp\/v2\/users\/1"}],"replies":[{"embeddable":true,"href":"https:\/\/www.oritech.in\/es\/wp-json\/wp\/v2\/comments?post=3367"}],"version-history":[{"count":25,"href":"https:\/\/www.oritech.in\/es\/wp-json\/wp\/v2\/pages\/3367\/revisions"}],"predecessor-version":[{"id":4147,"href":"https:\/\/www.oritech.in\/es\/wp-json\/wp\/v2\/pages\/3367\/revisions\/4147"}],"wp:attachment":[{"href":"https:\/\/www.oritech.in\/es\/wp-json\/wp\/v2\/media?parent=3367"}],"curies":[{"name":"wp","href":"https:\/\/api.w.org\/{rel}","templated":true}]}}