{"id":3367,"date":"2023-05-22T13:27:18","date_gmt":"2023-05-22T13:27:18","guid":{"rendered":"https:\/\/www.oritech.in\/?page_id=3367"},"modified":"2025-02-05T14:40:33","modified_gmt":"2025-02-05T09:10:33","slug":"oritech-hybrid-igbt-inverter-technology","status":"publish","type":"page","link":"https:\/\/www.oritech.in\/pt\/oritech-hybrid-igbt-inverter-technology\/","title":{"rendered":"Tecnologia IGBT"},"content":{"rendered":"\t\t<div data-elementor-type=\"wp-page\" data-elementor-id=\"3367\" class=\"elementor elementor-3367\" data-elementor-post-type=\"page\">\n\t\t\t\t\t\t<section class=\"wd-negative-gap elementor-section elementor-top-section elementor-element elementor-element-37c9067 elementor-section-boxed elementor-section-height-default elementor-section-height-default wd-section-disabled elementor-invisible\" data-id=\"37c9067\" data-element_type=\"section\" data-settings=\"{&quot;sticky&quot;:&quot;top&quot;,&quot;sticky_on&quot;:[&quot;mobile&quot;],&quot;animation&quot;:&quot;fadeIn&quot;,&quot;sticky_offset&quot;:0,&quot;sticky_effects_offset&quot;:0}\">\n\t\t\t\t\t\t<div class=\"elementor-container elementor-column-gap-default\">\n\t\t\t\t\t<div class=\"elementor-column elementor-col-50 elementor-top-column elementor-element elementor-element-ae1c29f\" data-id=\"ae1c29f\" data-element_type=\"column\">\n\t\t\t<div class=\"elementor-widget-wrap\">\n\t\t\t\t\t\t\t<\/div>\n\t\t<\/div>\n\t\t\t\t<div class=\"elementor-column elementor-col-50 elementor-top-column elementor-element elementor-element-c0a013e\" data-id=\"c0a013e\" data-element_type=\"column\">\n\t\t\t<div class=\"elementor-widget-wrap elementor-element-populated\">\n\t\t\t\t\t\t<div class=\"elementor-element elementor-element-1ad537e elementor-hidden-desktop elementor-hidden-tablet elementor-widget elementor-widget-wd_button\" data-id=\"1ad537e\" data-element_type=\"widget\" data-settings=\"{&quot;sticky&quot;:&quot;top&quot;,&quot;sticky_on&quot;:[&quot;mobile&quot;],&quot;sticky_offset&quot;:20,&quot;sticky_offset_mobile&quot;:60,&quot;sticky_effects_offset_mobile&quot;:10,&quot;_animation_mobile&quot;:&quot;fadeInRight&quot;,&quot;sticky_effects_offset&quot;:0}\" data-widget_type=\"wd_button.default\">\n\t\t\t\t<div class=\"elementor-widget-container\">\n\t\t\t\t\t<div class=\"wd-button-wrapper text-right\" >\n\t\t\t<a class=\"btn btn-style-default btn-style-rectangle btn-size-default btn-color-primary btn-icon-pos-right\"  href=\"#request-quote\">\n\t\t\t\t<span class=\"wd-btn-text\" data-elementor-setting-key=\"text\">\n\t\t\t\t\tSolicitar um Or\u00e7amento\t\t\t\t<\/span>\n\n\t\t\t\t\t\t\t<\/a>\n\t\t<\/div>\n\t\t\t\t<\/div>\n\t\t\t\t<\/div>\n\t\t\t\t\t<\/div>\n\t\t<\/div>\n\t\t\t\t\t<\/div>\n\t\t<\/section>\n\t\t\t\t<section class=\"wd-negative-gap elementor-section elementor-top-section elementor-element elementor-element-4401c77 elementor-section-boxed elementor-section-height-default elementor-section-height-default wd-section-disabled\" data-id=\"4401c77\" data-element_type=\"section\">\n\t\t\t\t\t\t<div class=\"elementor-container elementor-column-gap-default\">\n\t\t\t\t\t<div class=\"elementor-column elementor-col-66 elementor-top-column elementor-element elementor-element-d136466\" data-id=\"d136466\" data-element_type=\"column\">\n\t\t\t<div class=\"elementor-widget-wrap elementor-element-populated\">\n\t\t\t\t\t\t<div class=\"elementor-element elementor-element-ce494bc elementor-arrows-position-inside elementor-widget elementor-widget-image-carousel\" data-id=\"ce494bc\" data-element_type=\"widget\" data-settings=\"{&quot;slides_to_show&quot;:&quot;1&quot;,&quot;navigation&quot;:&quot;arrows&quot;,&quot;pause_on_hover&quot;:&quot;no&quot;,&quot;autoplay_speed&quot;:3000,&quot;autoplay&quot;:&quot;yes&quot;,&quot;pause_on_interaction&quot;:&quot;yes&quot;,&quot;infinite&quot;:&quot;yes&quot;,&quot;effect&quot;:&quot;slide&quot;,&quot;speed&quot;:500}\" data-widget_type=\"image-carousel.default\">\n\t\t\t\t<div class=\"elementor-widget-container\">\n\t\t\t\t\t<div class=\"elementor-image-carousel-wrapper swiper\" dir=\"ltr\">\n\t\t\t<div class=\"elementor-image-carousel swiper-wrapper\" aria-live=\"off\">\n\t\t\t\t\t\t\t\t<div class=\"swiper-slide\" role=\"group\" aria-roledescription=\"slide\" aria-label=\"1 of 1\"><figure class=\"swiper-slide-inner\"><img decoding=\"async\" class=\"swiper-slide-image\" src=\"https:\/\/www.oritech.in\/pt\/wp-content\/uploads\/2025\/02\/04-1000x350-melting-furnace-mfps-4-5mw-24p-inside-2_-768x269.jpg\" alt=\"Guaranteed 7.5% energy saving with our most advanced &amp; super energy efficient IGBT based inverter technology.\" title=\"\"><\/figure><\/div>\t\t\t<\/div>\n\t\t\t\t\t<\/div>\n\t\t\t\t<\/div>\n\t\t\t\t<\/div>\n\t\t\t\t<div class=\"elementor-element elementor-element-caa1421 elementor-widget elementor-widget-wd_text_block\" data-id=\"caa1421\" data-element_type=\"widget\" data-widget_type=\"wd_text_block.default\">\n\t\t\t\t<div class=\"elementor-widget-container\">\n\t\t\t\t\t\t<link rel=\"stylesheet\" id=\"wd-text-block-css\" href=\"https:\/\/www.oritech.in\/pt\/wp-content\/themes\/oritech\/css\/parts\/el-text-block.min.css?ver=7.2.5\" type=\"text\/css\" media=\"all\" \/> \t\t\t\t\t<div class=\"wd-text-block reset-last-child text-left\">\n\t\t\t\n\t\t\tA Oritech orgulha-se de se manter na vanguarda dos desenvolvimentos tecnol\u00f3gicos mais recentes no setor. Os nossos esfor\u00e7os no sentido da supera\u00e7\u00e3o traduzem-se na utiliza\u00e7\u00e3o da tecnologia IGBT (Insulated Gate Bipolar Transistor) nos nossos produtos. Enquanto l\u00edderes inovadores neste campo, acreditamos que a tecnologia IGBT nos distingue da concorr\u00eancia e nos permite disponibilizar as melhores solu\u00e7\u00f5es aos nossos estimados clientes.\n\t\t\t\t\t<\/div>\n\t\t\t\t<\/div>\n\t\t\t\t<\/div>\n\t\t\t\t<div class=\"elementor-element elementor-element-75e37a2 elementor-widget elementor-widget-wd_title\" data-id=\"75e37a2\" data-element_type=\"widget\" data-widget_type=\"wd_title.default\">\n\t\t\t\t<div class=\"elementor-widget-container\">\n\t\t\t\t\t\t<link rel=\"stylesheet\" id=\"wd-section-title-css\" href=\"https:\/\/www.oritech.in\/pt\/wp-content\/themes\/oritech\/css\/parts\/el-section-title.min.css?ver=7.2.5\" type=\"text\/css\" media=\"all\" \/> \t\t\t\t\t<div class=\"title-wrapper set-mb-s reset-last-child wd-title-color-default wd-title-style-default wd-title-size-default text-left\">\n\n\t\t\t\n\t\t\t<div class=\"liner-continer\">\n\t\t\t\t<h1 class=\"woodmart-title-container title wd-fontsize-l\">Tecnologia de Inversores IGBT H\u00edbrida Oritech.<\/h1> \n\t\t\t\t\t\t\t<\/div>\n\n\t\t\t\t\t<\/div>\n\t\t\t\t<\/div>\n\t\t\t\t<\/div>\n\t\t\t\t<div class=\"elementor-element elementor-element-e1f8864 igbt-h2 elementor-widget elementor-widget-wd_text_block\" data-id=\"e1f8864\" data-element_type=\"widget\" data-widget_type=\"wd_text_block.default\">\n\t\t\t\t<div class=\"elementor-widget-container\">\n\t\t\t\t\t<div class=\"wd-text-block reset-last-child text-left\">\n\t\t\t\n\t\t\t<p>A Oritech utiliza uma abordagem de 3 passos para conseguir uma poupan\u00e7a energ\u00e9tica garantida de 7.5%:<\/p><ol><li>Tecnologia<\/li><li>Design<\/li><li>Qualidade de Fabrico<\/li><\/ol><ol><li><strong>Tecnologia:<\/strong> Conseguir Uma Poupan\u00e7a Energ\u00e9tica de 4% a 5%<\/li><\/ol><ul><li>Tecnologia de Inversores de Base IGBT, desenvolvida a n\u00edvel nacional, mais avan\u00e7ada e super eficiente do ponto de vista energ\u00e9tico.<\/li><li>Design h\u00edbrido do circuito do tanque paralelo alimentado por inversor de tens\u00e3o<\/li><li><h2>Em Que Consiste a Tecnologia IGBT?<\/h2><ul><li>A tecnologia IGBT (Insulated Gate Bipolar Transistor ou em portugu\u00eas Trans\u00edstor Bipolar de Porta Isolada) \u00e9 um componente fundamental para fornos de indu\u00e7\u00e3o de baixo consumo energ\u00e9tico, incluindo os produtos Oritech. Permite um controlo exato do fornecimento energ\u00e9tico, resultando numa transfer\u00eancia de energia altamente eficaz e num melhor desempenho global. Os fornos de indu\u00e7\u00e3o Oritech utilizam IGBT em fornos de indu\u00e7\u00e3o, tornando-os numa das solu\u00e7\u00f5es mais eficazes do ponto de vista energ\u00e9tico atualmente dispon\u00edveis no mercado global.<\/li><\/ul><\/li><li><h2>Vantagens do Design do Inversor IGBT H\u00edbrido Oritech<\/h2><ul><li>A pot\u00eancia \u00e9 controlada atrav\u00e9s da altera\u00e7\u00e3o da frequ\u00eancia.<\/li><li>O fator de pot\u00eancia \u00e9 superior a 0.96 para 6 pulsos, 0.97 para 12 pulsos e 0.97 para 24 pulsos em qualquer carga. N\u00e3o \u00e9 necess\u00e1rio qualquer Circuito Chopper.<\/li><li>A pot\u00eancia de sa\u00edda mant\u00e9m-se constante face \u00e0s flutua\u00e7\u00f5es da tens\u00e3o da linha.<\/li><li>S\u00f3 a corrente Ativa passa atrav\u00e9s do Dispositivo de Pot\u00eancia.<\/li><li>A tens\u00e3o no IGBT \u00e9 a mesma que a tens\u00e3o do barramento DC, n\u00e3o havendo, assim, sobrecarga de tens\u00e3o no IGBT.<\/li><li>A sobrecarga de Corrente &amp; Tens\u00e3o nos dispositivos de pot\u00eancia \u00e9 baixa.<\/li><li>Design \u00e0 prova de curto-circuito na sa\u00edda. Este pode ser desligado com o aux\u00edlio de um inversor no espa\u00e7o de 10 \u00b5s desde a dete\u00e7\u00e3o da avaria e \u00e9 resistente a qualquer situa\u00e7\u00e3o de carga.<\/li><\/ul><\/li><\/ul><ol start=\"2\"><li><strong>Design:<\/strong> Poupan\u00e7a Energ\u00e9tica de 1.5% a 2.5%<\/li><\/ol><ul><li style=\"list-style-type: none;\"><ul><li>A perda de energia el\u00e9trica verifica-se nos circuitos e os componentes s\u00e3o controlados pelo Inversor H\u00edbrido - Projeto de Circuito de Tanque Paralelo Alimentado por Tens\u00e3o.<\/li><li>As perdas resultantes do cabo de alimenta\u00e7\u00e3o fornecido atrav\u00e9s de uma fonte de alimenta\u00e7\u00e3o de frequ\u00eancia vari\u00e1vel para uma carga situam-se normalmente entre 2% e 7%.<\/li><li>O percurso do circuito do tanque \u00e9, no total, inferior a 1.5 mtr.<\/li><li>Test\u00e1mos e instal\u00e1mos com sucesso um banco de condensadores para cadinhos at\u00e9 5 mt imf, o que permite poupar cerca de 2.5% por unidade\/tonelada.<\/li><li>Encontramo-nos a ensaiar a implementa\u00e7\u00e3o da mesma tecnologia para at\u00e9 15 mt imf. Ap\u00f3s um teste bem-sucedido, poupar\u00e1 mais 2.5% de energia, aproximadamente.<\/li><\/ul><\/li><\/ul><ol start=\"3\"><li><strong>Qualidade de Fabrico:<\/strong> Alcan\u00e7ar Uma Poupan\u00e7a Energ\u00e9tica de 0.5% a 1.5%<br \/><ol><li>Chapa CRGO de lamina\u00e7\u00e3o fina de alta qualidade para minimizar a perda de energia e calor.<\/li><li>Dada a disposi\u00e7\u00e3o especial do banco de condensadores do tanque, tornam-se desnecess\u00e1rios cabos arrefecidos a \u00e1gua at\u00e9 350kW de pot\u00eancia para minimizar a transmiss\u00e3o de energia e as perdas de calor.<\/li><li>Barramento em cobre de dimens\u00f5es finas, cuidadosamente estudado e concebido, que ajuda a reduzir a transmiss\u00e3o de energia e as perdas de calor.<\/li><li>Cabo de fibra \u00f3tica da empresa M\/s Lapp, fabricante alem\u00e3 conceituada, para maior velocidade e precis\u00e3o de comunica\u00e7\u00e3o.<\/li><li>Contacto de prata no comutador.<\/li><li>Estrutura de a\u00e7o resistente para uma maior durabilidade.<\/li><\/ol><\/li><\/ol>\n\t\t\t\t\t<\/div>\n\t\t\t\t<\/div>\n\t\t\t\t<\/div>\n\t\t\t\t\t<\/div>\n\t\t<\/div>\n\t\t\t\t<div class=\"elementor-column elementor-col-33 elementor-top-column elementor-element elementor-element-ee97fd2\" data-id=\"ee97fd2\" data-element_type=\"column\">\n\t\t\t<div class=\"elementor-widget-wrap elementor-element-populated\">\n\t\t\t\t\t\t<div class=\"elementor-element elementor-element-d705979 elementor-widget elementor-widget-menu-anchor\" data-id=\"d705979\" data-element_type=\"widget\" data-widget_type=\"menu-anchor.default\">\n\t\t\t\t<div class=\"elementor-widget-container\">\n\t\t\t\t\t<div class=\"elementor-menu-anchor\" id=\"request-quote\"><\/div>\n\t\t\t\t<\/div>\n\t\t\t\t<\/div>\n\t\t\t\t<div class=\"elementor-element elementor-element-7bc5eef elementor-hidden-desktop elementor-hidden-tablet elementor-widget elementor-widget-spacer\" data-id=\"7bc5eef\" data-element_type=\"widget\" data-widget_type=\"spacer.default\">\n\t\t\t\t<div class=\"elementor-widget-container\">\n\t\t\t\t\t<div class=\"elementor-spacer\">\n\t\t\t<div class=\"elementor-spacer-inner\"><\/div>\n\t\t<\/div>\n\t\t\t\t<\/div>\n\t\t\t\t<\/div>\n\t\t\t\t\t<link rel=\"stylesheet\" id=\"wd-animations-css\" href=\"https:\/\/www.oritech.in\/pt\/wp-content\/themes\/oritech\/css\/parts\/mod-animations.min.css?ver=7.2.5\" type=\"text\/css\" media=\"all\" \/> \t\t\t\t\t<section class=\"wd-negative-gap elementor-section elementor-inner-section elementor-element elementor-element-f0d0ba3 wd-animation-slide-from-bottom elementor-section-boxed elementor-section-height-default elementor-section-height-default wd-section-disabled wd-animation-normal wd_delay_100 elementor-invisible\" data-id=\"f0d0ba3\" data-element_type=\"section\" data-settings=\"{&quot;sticky&quot;:&quot;top&quot;,&quot;sticky_on&quot;:[&quot;desktop&quot;,&quot;tablet&quot;],&quot;sticky_parent&quot;:&quot;yes&quot;,&quot;animation&quot;:&quot;fadeIn&quot;,&quot;sticky_offset&quot;:100,&quot;sticky_effects_offset&quot;:0}\">\n\t\t\t\t\t\t<div class=\"elementor-container elementor-column-gap-default\">\n\t\t\t\t\t<div class=\"elementor-column elementor-col-100 elementor-inner-column elementor-element elementor-element-e034123\" data-id=\"e034123\" data-element_type=\"column\">\n\t\t\t<div class=\"elementor-widget-wrap elementor-element-populated\">\n\t\t\t\t\t\t<div class=\"elementor-element elementor-element-954b730 quotefont elementor-widget elementor-widget-wp-widget-forminator_widget\" data-id=\"954b730\" data-element_type=\"widget\" data-widget_type=\"wp-widget-forminator_widget.default\">\n\t\t\t\t<div class=\"elementor-widget-container\">\n\t\t\t<h5>Solicitar um Or\u00e7amento<\/h5><form id=\"forminator-module-1776\" class=\"forminator-custom-form forminator-custom-form-1776\" method=\"post\" data-forminator-render=\"0\" data-uid=\"69f252eda14e4\"><div role=\"alert\" aria-live=\"polite\" class=\"forminator-response-message forminator-error\" aria-hidden=\"true\"><\/div><\/form>\t\t<\/div>\n\t\t\t\t<\/div>\n\t\t\t\t\t<\/div>\n\t\t<\/div>\n\t\t\t\t\t<\/div>\n\t\t<\/section>\n\t\t\t\t\t<\/div>\n\t\t<\/div>\n\t\t\t\t\t<\/div>\n\t\t<\/section>\n\t\t\t\t<\/div>\n\t\t","protected":false},"excerpt":{"rendered":"<p>Solicitar um Or\u00e7amento A Oritech orgulha-se de se manter na vanguarda dos desenvolvimentos tecnol\u00f3gicos mais recentes no setor. Os nossos<\/p>\n","protected":false},"author":1,"featured_media":0,"parent":0,"menu_order":0,"comment_status":"closed","ping_status":"closed","template":"","meta":{"footnotes":""},"class_list":["post-3367","page","type-page","status-publish","hentry"],"_links":{"self":[{"href":"https:\/\/www.oritech.in\/pt\/wp-json\/wp\/v2\/pages\/3367"}],"collection":[{"href":"https:\/\/www.oritech.in\/pt\/wp-json\/wp\/v2\/pages"}],"about":[{"href":"https:\/\/www.oritech.in\/pt\/wp-json\/wp\/v2\/types\/page"}],"author":[{"embeddable":true,"href":"https:\/\/www.oritech.in\/pt\/wp-json\/wp\/v2\/users\/1"}],"replies":[{"embeddable":true,"href":"https:\/\/www.oritech.in\/pt\/wp-json\/wp\/v2\/comments?post=3367"}],"version-history":[{"count":16,"href":"https:\/\/www.oritech.in\/pt\/wp-json\/wp\/v2\/pages\/3367\/revisions"}],"predecessor-version":[{"id":3793,"href":"https:\/\/www.oritech.in\/pt\/wp-json\/wp\/v2\/pages\/3367\/revisions\/3793"}],"wp:attachment":[{"href":"https:\/\/www.oritech.in\/pt\/wp-json\/wp\/v2\/media?parent=3367"}],"curies":[{"name":"wp","href":"https:\/\/api.w.org\/{rel}","templated":true}]}}